{"id":1220,"date":"2023-04-24T11:37:30","date_gmt":"2023-04-24T09:37:30","guid":{"rendered":"https:\/\/dessign.fr\/JUDO\/?page_id=1220"},"modified":"2026-03-13T08:39:24","modified_gmt":"2026-03-13T07:39:24","slug":"home-judo","status":"publish","type":"page","link":"https:\/\/dessign.fr\/JUDO\/","title":{"rendered":"JUDO en lignes toujours"},"content":{"rendered":"\n<video autoplay=\"true\" controls=\"\" height=\"auto\" loop=\"false\" muted=\"true\" poster=\"JUDOENLIGNES.jpg\" preload=\"auto\" width=\"100%\">\n<source src=\"https:\/\/dessign.fr\/JUDO\/VIDEOS\/JUDOintro_dessign.ogv\" type=\"video\/ogg; codecs=&quot;theora, vorbis&quot;\"><\/source>\n<source src=\"https:\/\/dessign.fr\/JUDO\/VIDEOS\/JUDOintro_dessign.webm\" type=\"video\/webm\"><\/source>\n<source src=\"https:\/\/dessign.fr\/JUDO\/VIDEOS\/JUDOintro_dessign.mp4\" type=\"video\/mp4\"><\/source>\n<\/video>\n\n\n\n<div class=\"TEXThome\">\n\n\n\n<p><strong>Bienvenue sur le site JUDO de croquis techniques <\/strong>(anciennement judoenlignes.com depuis 2009, mais apr\u00e8s 14 ann\u00e9es et + de 500 000 visiteurs, le site devait s&rsquo;\u00e9teindre aussi il \u00e9tait important de continuer \u00e0 vous offrir tout ce travail, pour qu&rsquo;il ne disparaisse).<\/p>\n\n\n\n<p>Vous y retrouverez ici toutes les techniques de JUDO gratuitement, toutefois <strong>vous n&rsquo;avez aucun droit d&rsquo;utilisation de ces images<\/strong>, elles sont \u00e0 votre disposition sur ce site et uniquement ici.<\/p>\n\n\n\n<p><strong>En chiffre c&rsquo;est plus de 200 images, autant de Kanji et 700 croquis anim\u00e9s (\u00e0 environ 10 croquis par animation cela donne plus de 7000 dessins !)<\/strong>.<\/p>\n\n\n\n<div class=\"PRECEPTS\">\n\n\n\n<div class=\"wp-block-columns is-layout-flex wp-container-core-columns-is-layout-9d6595d7 wp-block-columns-is-layout-flex\">\n<div class=\"wp-block-column is-layout-flow wp-block-column-is-layout-flow\">\n<figure class=\"wp-block-image size-large\"><img loading=\"lazy\" decoding=\"async\" width=\"256\" height=\"1024\" src=\"https:\/\/dessign.fr\/JUDO\/wp-content\/uploads\/2023\/06\/Jita-yuwa-kyoei-Prosperite-Mutuelle-256x1024.jpg\" alt=\"\" class=\"wp-image-4814\" srcset=\"https:\/\/dessign.fr\/JUDO\/wp-content\/uploads\/2023\/06\/Jita-yuwa-kyoei-Prosperite-Mutuelle-256x1024.jpg 256w, https:\/\/dessign.fr\/JUDO\/wp-content\/uploads\/2023\/06\/Jita-yuwa-kyoei-Prosperite-Mutuelle-75x300.jpg 75w, https:\/\/dessign.fr\/JUDO\/wp-content\/uploads\/2023\/06\/Jita-yuwa-kyoei-Prosperite-Mutuelle-768x3073.jpg 768w, https:\/\/dessign.fr\/JUDO\/wp-content\/uploads\/2023\/06\/Jita-yuwa-kyoei-Prosperite-Mutuelle-384x1536.jpg 384w, https:\/\/dessign.fr\/JUDO\/wp-content\/uploads\/2023\/06\/Jita-yuwa-kyoei-Prosperite-Mutuelle-512x2048.jpg 512w, https:\/\/dessign.fr\/JUDO\/wp-content\/uploads\/2023\/06\/Jita-yuwa-kyoei-Prosperite-Mutuelle-scaled.jpg 640w\" sizes=\"auto, (max-width: 256px) 100vw, 256px\" \/><\/figure>\n<\/div>\n\n\n\n<div class=\"wp-block-column is-layout-flow wp-block-column-is-layout-flow\">\n<figure class=\"wp-block-image size-large\"><img loading=\"lazy\" decoding=\"async\" width=\"256\" height=\"1024\" src=\"https:\/\/dessign.fr\/JUDO\/wp-content\/uploads\/2023\/06\/Seiryoku-zenko-Meilleur-Emploi-Energie-256x1024.jpg\" alt=\"\" class=\"wp-image-4816\" srcset=\"https:\/\/dessign.fr\/JUDO\/wp-content\/uploads\/2023\/06\/Seiryoku-zenko-Meilleur-Emploi-Energie-256x1024.jpg 256w, https:\/\/dessign.fr\/JUDO\/wp-content\/uploads\/2023\/06\/Seiryoku-zenko-Meilleur-Emploi-Energie-75x300.jpg 75w, https:\/\/dessign.fr\/JUDO\/wp-content\/uploads\/2023\/06\/Seiryoku-zenko-Meilleur-Emploi-Energie-768x3073.jpg 768w, https:\/\/dessign.fr\/JUDO\/wp-content\/uploads\/2023\/06\/Seiryoku-zenko-Meilleur-Emploi-Energie-384x1536.jpg 384w, https:\/\/dessign.fr\/JUDO\/wp-content\/uploads\/2023\/06\/Seiryoku-zenko-Meilleur-Emploi-Energie-512x2048.jpg 512w, https:\/\/dessign.fr\/JUDO\/wp-content\/uploads\/2023\/06\/Seiryoku-zenko-Meilleur-Emploi-Energie-scaled.jpg 640w\" sizes=\"auto, (max-width: 256px) 100vw, 256px\" \/><\/figure>\n<\/div>\n\n\n\n<div class=\"wp-block-column is-layout-flow wp-block-column-is-layout-flow\">\n<figure class=\"wp-block-image size-large\"><img loading=\"lazy\" decoding=\"async\" width=\"256\" height=\"1024\" src=\"https:\/\/dessign.fr\/JUDO\/wp-content\/uploads\/2023\/06\/Shin-Gi-Tai-Esprit-Technique-Efficacite-256x1024.jpg\" alt=\"\" class=\"wp-image-4817\" srcset=\"https:\/\/dessign.fr\/JUDO\/wp-content\/uploads\/2023\/06\/Shin-Gi-Tai-Esprit-Technique-Efficacite-256x1024.jpg 256w, https:\/\/dessign.fr\/JUDO\/wp-content\/uploads\/2023\/06\/Shin-Gi-Tai-Esprit-Technique-Efficacite-75x300.jpg 75w, https:\/\/dessign.fr\/JUDO\/wp-content\/uploads\/2023\/06\/Shin-Gi-Tai-Esprit-Technique-Efficacite-768x3073.jpg 768w, https:\/\/dessign.fr\/JUDO\/wp-content\/uploads\/2023\/06\/Shin-Gi-Tai-Esprit-Technique-Efficacite-384x1536.jpg 384w, https:\/\/dessign.fr\/JUDO\/wp-content\/uploads\/2023\/06\/Shin-Gi-Tai-Esprit-Technique-Efficacite-512x2048.jpg 512w, https:\/\/dessign.fr\/JUDO\/wp-content\/uploads\/2023\/06\/Shin-Gi-Tai-Esprit-Technique-Efficacite-scaled.jpg 640w\" sizes=\"auto, (max-width: 256px) 100vw, 256px\" \/><\/figure>\n<\/div>\n<\/div>\n\n\n\n<\/div>\n\n\n\n<\/div>\n\n\n\n<video autoplay=\"true\" controls=\"\" height=\"auto\" loop=\"false\" muted=\"true\" poster=\"NAGENOKATA.jpg\" preload=\"auto\" width=\"100%\">\n<source src=\"https:\/\/dessign.fr\/JUDO\/VIDEOS\/NAGENOKATA.ogv\" type=\"video\/ogg; codecs=&quot;theora, vorbis&quot;\"><\/source>\n<source codecs=\"vp8, vorbis\" src=\"https:\/\/dessign.fr\/JUDO\/VIDEOS\/NAGENOKATA.webm\" type=\"video\/webm\"><\/source>\n<source codecs=\"avc1.42E01E, mp4a.40.2\" src=\"https:\/\/dessign.fr\/JUDO\/VIDEOS\/NAGENOKATA.mp4\" type=\"video\/mp4\"><\/source>\n<\/video>\n\n\n\n<div class=\"TEXThome\">\n\n\n\n<p>A votre disposition le <a href=\"https:\/\/dessign.fr\/JUDO\/nage-waza\/tachi-waza\/\">TACHI-WAZA <\/a>soit toutes les techniques debout, <a href=\"https:\/\/dessign.fr\/JUDO\/ne-waza\/\">NE-WAZA<\/a>, les techniques au sol, de retournement, d&rsquo;immobilisation <a href=\"https:\/\/dessign.fr\/JUDO\/category\/ne-waza\/osaekomi-waza\/\">OSAEKOMI-WAZA<\/a>, d&rsquo;\u00e9tranglement <a href=\"https:\/\/dessign.fr\/JUDO\/category\/ne-waza\/shime-waza-ne-waza\/\">SHIME-WAZA<\/a>, de cl\u00e9 de bras <a href=\"https:\/\/dessign.fr\/JUDO\/category\/ne-waza\/kansetsu-waza\/\">KANSETSU-WAZA <\/a>ou encore de sortie d&rsquo;immobilisation <a href=\"https:\/\/dessign.fr\/JUDO\/category\/ne-waza\/toketa-waza\/\">TOKETA-WAZA<\/a> &#8230;<\/p>\n\n\n\n<p>vous avez le menu pour trouver toutes les cat\u00e9gories, <a href=\"https:\/\/dessign.fr\/JUDO\/kata\/\">KATAS<\/a>, <a href=\"https:\/\/dessign.fr\/JUDO\/renzoku-waza\/\">enchainements <\/a>et bien d&rsquo;autres choses<\/p>\n\n\n\n<p>Bonne visite et partagez le site autour de vous<\/p>\n\n\n\n<\/div>\n\n\n\n<script async src=\"https:\/\/pagead2.googlesyndication.com\/pagead\/js\/adsbygoogle.js?client=ca-pub-5395542268415979\" crossorigin=\"anonymous\"><\/script>\n","protected":false},"excerpt":{"rendered":"<p>Bienvenue sur le site JUDO de croquis techniques (anciennement judoenlignes.com depuis 2009, mais apr\u00e8s 14 ann\u00e9es et + de 500 000 visiteurs, le site devait s&rsquo;\u00e9teindre aussi il \u00e9tait important de continuer \u00e0 vous offrir tout ce travail, pour qu&rsquo;il ne disparaisse). Vous y retrouverez ici toutes les techniques de JUDO gratuitement, toutefois vous n&rsquo;avez<\/p>\n<div><a class=\"btn-filled btn\" href=\"https:\/\/dessign.fr\/JUDO\/\" title=\"JUDO en lignes toujours\">Lire la suite<\/a><\/div>\n","protected":false},"author":2,"featured_media":0,"parent":0,"menu_order":0,"comment_status":"closed","ping_status":"closed","template":"","meta":{"_exactmetrics_skip_tracking":false,"_exactmetrics_sitenote_active":false,"_exactmetrics_sitenote_note":"","_exactmetrics_sitenote_category":0,"_uf_show_specific_survey":0,"_uf_disable_surveys":false,"footnotes":""},"class_list":["post-1220","page","type-page","status-publish","hentry"],"yoast_head":"<!-- This site is optimized with the Yoast SEO plugin v27.1.1 - https:\/\/yoast.com\/product\/yoast-seo-wordpress\/ -->\n<title>JUDO en lignes toujours - JUDO \u67d4 \u9053 par dessign<\/title>\n<meta name=\"description\" content=\"Le site technique du JUDO en croquis anim\u00e9s - judoenlignes toujours depuis 2009 par dessign VIDEO PRIT WEB\" \/>\n<meta name=\"robots\" content=\"index, follow, max-snippet:-1, max-image-preview:large, max-video-preview:-1\" \/>\n<link rel=\"canonical\" href=\"https:\/\/dessign.fr\/JUDO\/\" \/>\n<meta property=\"og:locale\" content=\"fr_FR\" \/>\n<meta property=\"og:type\" content=\"article\" \/>\n<meta property=\"og:title\" content=\"le site du JUDO en croquis anim\u00e9s\" \/>\n<meta property=\"og:description\" content=\"Le site technique du JUDO en croquis anim\u00e9s - judoenlignes toujours depuis 2009 par dessign VIDEO PRIT WEB\" \/>\n<meta property=\"og:url\" content=\"https:\/\/dessign.fr\/JUDO\/\" \/>\n<meta property=\"og:site_name\" content=\"JUDO \u67d4 \u9053 par dessign\" \/>\n<meta property=\"article:publisher\" content=\"https:\/\/www.facebook.com\/groups\/123664574320024\" \/>\n<meta property=\"article:modified_time\" content=\"2026-03-13T07:39:24+00:00\" \/>\n<meta property=\"og:image\" content=\"https:\/\/dessign.fr\/JUDO\/wp-content\/uploads\/2016\/04\/tai-otoshi40x50t.jpg\" \/>\n\t<meta property=\"og:image:width\" content=\"320\" \/>\n\t<meta property=\"og:image:height\" content=\"400\" \/>\n\t<meta property=\"og:image:type\" content=\"image\/jpeg\" \/>\n<meta name=\"twitter:card\" content=\"summary_large_image\" \/>\n<meta name=\"twitter:title\" content=\"le site du JUDO en croquis anim\u00e9s\" \/>\n<meta name=\"twitter:image\" content=\"https:\/\/dessign.fr\/JUDO\/wp-content\/uploads\/2016\/04\/kano2bd.jpg\" \/>\n<meta name=\"twitter:label1\" content=\"Dur\u00e9e de lecture estim\u00e9e\" \/>\n\t<meta name=\"twitter:data1\" content=\"2 minutes\" \/>\n<script type=\"application\/ld+json\" class=\"yoast-schema-graph\">{\"@context\":\"https:\/\/schema.org\",\"@graph\":[{\"@type\":\"WebPage\",\"@id\":\"https:\/\/dessign.fr\/JUDO\/\",\"url\":\"https:\/\/dessign.fr\/JUDO\/\",\"name\":\"JUDO en lignes toujours - JUDO \u67d4 \u9053 par dessign\",\"isPartOf\":{\"@id\":\"https:\/\/dessign.fr\/JUDO\/#website\"},\"primaryImageOfPage\":{\"@id\":\"https:\/\/dessign.fr\/JUDO\/#primaryimage\"},\"image\":{\"@id\":\"https:\/\/dessign.fr\/JUDO\/#primaryimage\"},\"thumbnailUrl\":\"https:\/\/dessign.fr\/JUDO\/wp-content\/uploads\/2023\/06\/Jita-yuwa-kyoei-Prosperite-Mutuelle-256x1024.jpg\",\"datePublished\":\"2023-04-24T09:37:30+00:00\",\"dateModified\":\"2026-03-13T07:39:24+00:00\",\"description\":\"Le site technique du JUDO en croquis anim\u00e9s - judoenlignes toujours depuis 2009 par dessign VIDEO PRIT WEB\",\"breadcrumb\":{\"@id\":\"https:\/\/dessign.fr\/JUDO\/#breadcrumb\"},\"inLanguage\":\"fr-FR\",\"potentialAction\":[{\"@type\":\"ReadAction\",\"target\":[\"https:\/\/dessign.fr\/JUDO\/\"]}]},{\"@type\":\"ImageObject\",\"inLanguage\":\"fr-FR\",\"@id\":\"https:\/\/dessign.fr\/JUDO\/#primaryimage\",\"url\":\"https:\/\/dessign.fr\/JUDO\/wp-content\/uploads\/2023\/06\/Jita-yuwa-kyoei-Prosperite-Mutuelle-scaled.jpg\",\"contentUrl\":\"https:\/\/dessign.fr\/JUDO\/wp-content\/uploads\/2023\/06\/Jita-yuwa-kyoei-Prosperite-Mutuelle-scaled.jpg\",\"width\":640,\"height\":2560,\"caption\":\"JUDO \u67d4 \u9053 par dessign fr | Jita yuwa kyoei - Prosp\u00e9rit\u00e9 Mutuelle\"},{\"@type\":\"BreadcrumbList\",\"@id\":\"https:\/\/dessign.fr\/JUDO\/#breadcrumb\",\"itemListElement\":[{\"@type\":\"ListItem\",\"position\":1,\"name\":\"Accueil\",\"item\":\"https:\/\/dessign.fr\/JUDO\/\"},{\"@type\":\"ListItem\",\"position\":2,\"name\":\"JUDO en lignes toujours\"}]},{\"@type\":\"WebSite\",\"@id\":\"https:\/\/dessign.fr\/JUDO\/#website\",\"url\":\"https:\/\/dessign.fr\/JUDO\/\",\"name\":\"JUDO \u67d4 \u9053 par dessign\",\"description\":\"le site des techniques de Judo en croquis anim\u00e9s - Judoenlignes\",\"publisher\":{\"@id\":\"https:\/\/dessign.fr\/JUDO\/#organization\"},\"potentialAction\":[{\"@type\":\"SearchAction\",\"target\":{\"@type\":\"EntryPoint\",\"urlTemplate\":\"https:\/\/dessign.fr\/JUDO\/?s={search_term_string}\"},\"query-input\":{\"@type\":\"PropertyValueSpecification\",\"valueRequired\":true,\"valueName\":\"search_term_string\"}}],\"inLanguage\":\"fr-FR\"},{\"@type\":\"Organization\",\"@id\":\"https:\/\/dessign.fr\/JUDO\/#organization\",\"name\":\"JUDO \u67d4 \u9053 par dessign\",\"url\":\"https:\/\/dessign.fr\/JUDO\/\",\"logo\":{\"@type\":\"ImageObject\",\"inLanguage\":\"fr-FR\",\"@id\":\"https:\/\/dessign.fr\/JUDO\/#\/schema\/logo\/image\/\",\"url\":\"https:\/\/dessign.fr\/JUDO\/wp-content\/uploads\/2014\/11\/gyaku-juji-gatame.jpg\",\"contentUrl\":\"https:\/\/dessign.fr\/JUDO\/wp-content\/uploads\/2014\/11\/gyaku-juji-gatame.jpg\",\"width\":267,\"height\":234,\"caption\":\"JUDO \u67d4 \u9053 par dessign\"},\"image\":{\"@id\":\"https:\/\/dessign.fr\/JUDO\/#\/schema\/logo\/image\/\"},\"sameAs\":[\"https:\/\/www.facebook.com\/groups\/123664574320024\",\"https:\/\/www.facebook.com\/kovalseb\"]}]}<\/script>\n<!-- \/ Yoast SEO plugin. -->","yoast_head_json":{"title":"JUDO en lignes toujours - JUDO \u67d4 \u9053 par dessign","description":"Le site technique du JUDO en croquis anim\u00e9s - judoenlignes toujours depuis 2009 par dessign VIDEO PRIT WEB","robots":{"index":"index","follow":"follow","max-snippet":"max-snippet:-1","max-image-preview":"max-image-preview:large","max-video-preview":"max-video-preview:-1"},"canonical":"https:\/\/dessign.fr\/JUDO\/","og_locale":"fr_FR","og_type":"article","og_title":"le site du JUDO en croquis anim\u00e9s","og_description":"Le site technique du JUDO en croquis anim\u00e9s - judoenlignes toujours depuis 2009 par dessign VIDEO PRIT WEB","og_url":"https:\/\/dessign.fr\/JUDO\/","og_site_name":"JUDO \u67d4 \u9053 par dessign","article_publisher":"https:\/\/www.facebook.com\/groups\/123664574320024","article_modified_time":"2026-03-13T07:39:24+00:00","og_image":[{"width":320,"height":400,"url":"https:\/\/dessign.fr\/JUDO\/wp-content\/uploads\/2016\/04\/tai-otoshi40x50t.jpg","type":"image\/jpeg"}],"twitter_card":"summary_large_image","twitter_title":"le site du JUDO en croquis anim\u00e9s","twitter_image":"https:\/\/dessign.fr\/JUDO\/wp-content\/uploads\/2016\/04\/kano2bd.jpg","twitter_misc":{"Dur\u00e9e de lecture estim\u00e9e":"2 minutes"},"schema":{"@context":"https:\/\/schema.org","@graph":[{"@type":"WebPage","@id":"https:\/\/dessign.fr\/JUDO\/","url":"https:\/\/dessign.fr\/JUDO\/","name":"JUDO en lignes toujours - JUDO \u67d4 \u9053 par dessign","isPartOf":{"@id":"https:\/\/dessign.fr\/JUDO\/#website"},"primaryImageOfPage":{"@id":"https:\/\/dessign.fr\/JUDO\/#primaryimage"},"image":{"@id":"https:\/\/dessign.fr\/JUDO\/#primaryimage"},"thumbnailUrl":"https:\/\/dessign.fr\/JUDO\/wp-content\/uploads\/2023\/06\/Jita-yuwa-kyoei-Prosperite-Mutuelle-256x1024.jpg","datePublished":"2023-04-24T09:37:30+00:00","dateModified":"2026-03-13T07:39:24+00:00","description":"Le site technique du JUDO en croquis anim\u00e9s - judoenlignes toujours depuis 2009 par dessign VIDEO PRIT WEB","breadcrumb":{"@id":"https:\/\/dessign.fr\/JUDO\/#breadcrumb"},"inLanguage":"fr-FR","potentialAction":[{"@type":"ReadAction","target":["https:\/\/dessign.fr\/JUDO\/"]}]},{"@type":"ImageObject","inLanguage":"fr-FR","@id":"https:\/\/dessign.fr\/JUDO\/#primaryimage","url":"https:\/\/dessign.fr\/JUDO\/wp-content\/uploads\/2023\/06\/Jita-yuwa-kyoei-Prosperite-Mutuelle-scaled.jpg","contentUrl":"https:\/\/dessign.fr\/JUDO\/wp-content\/uploads\/2023\/06\/Jita-yuwa-kyoei-Prosperite-Mutuelle-scaled.jpg","width":640,"height":2560,"caption":"JUDO \u67d4 \u9053 par dessign fr | Jita yuwa kyoei - Prosp\u00e9rit\u00e9 Mutuelle"},{"@type":"BreadcrumbList","@id":"https:\/\/dessign.fr\/JUDO\/#breadcrumb","itemListElement":[{"@type":"ListItem","position":1,"name":"Accueil","item":"https:\/\/dessign.fr\/JUDO\/"},{"@type":"ListItem","position":2,"name":"JUDO en lignes toujours"}]},{"@type":"WebSite","@id":"https:\/\/dessign.fr\/JUDO\/#website","url":"https:\/\/dessign.fr\/JUDO\/","name":"JUDO \u67d4 \u9053 par dessign","description":"le site des techniques de Judo en croquis anim\u00e9s - Judoenlignes","publisher":{"@id":"https:\/\/dessign.fr\/JUDO\/#organization"},"potentialAction":[{"@type":"SearchAction","target":{"@type":"EntryPoint","urlTemplate":"https:\/\/dessign.fr\/JUDO\/?s={search_term_string}"},"query-input":{"@type":"PropertyValueSpecification","valueRequired":true,"valueName":"search_term_string"}}],"inLanguage":"fr-FR"},{"@type":"Organization","@id":"https:\/\/dessign.fr\/JUDO\/#organization","name":"JUDO \u67d4 \u9053 par dessign","url":"https:\/\/dessign.fr\/JUDO\/","logo":{"@type":"ImageObject","inLanguage":"fr-FR","@id":"https:\/\/dessign.fr\/JUDO\/#\/schema\/logo\/image\/","url":"https:\/\/dessign.fr\/JUDO\/wp-content\/uploads\/2014\/11\/gyaku-juji-gatame.jpg","contentUrl":"https:\/\/dessign.fr\/JUDO\/wp-content\/uploads\/2014\/11\/gyaku-juji-gatame.jpg","width":267,"height":234,"caption":"JUDO \u67d4 \u9053 par dessign"},"image":{"@id":"https:\/\/dessign.fr\/JUDO\/#\/schema\/logo\/image\/"},"sameAs":["https:\/\/www.facebook.com\/groups\/123664574320024","https:\/\/www.facebook.com\/kovalseb"]}]}},"_links":{"self":[{"href":"https:\/\/dessign.fr\/JUDO\/wp-json\/wp\/v2\/pages\/1220","targetHints":{"allow":["GET"]}}],"collection":[{"href":"https:\/\/dessign.fr\/JUDO\/wp-json\/wp\/v2\/pages"}],"about":[{"href":"https:\/\/dessign.fr\/JUDO\/wp-json\/wp\/v2\/types\/page"}],"author":[{"embeddable":true,"href":"https:\/\/dessign.fr\/JUDO\/wp-json\/wp\/v2\/users\/2"}],"replies":[{"embeddable":true,"href":"https:\/\/dessign.fr\/JUDO\/wp-json\/wp\/v2\/comments?post=1220"}],"version-history":[{"count":24,"href":"https:\/\/dessign.fr\/JUDO\/wp-json\/wp\/v2\/pages\/1220\/revisions"}],"predecessor-version":[{"id":4937,"href":"https:\/\/dessign.fr\/JUDO\/wp-json\/wp\/v2\/pages\/1220\/revisions\/4937"}],"wp:attachment":[{"href":"https:\/\/dessign.fr\/JUDO\/wp-json\/wp\/v2\/media?parent=1220"}],"curies":[{"name":"wp","href":"https:\/\/api.w.org\/{rel}","templated":true}]}}