{"id":2230,"date":"2023-04-27T09:34:35","date_gmt":"2023-04-27T07:34:35","guid":{"rendered":"https:\/\/dessign.fr\/JUDO\/?page_id=2230"},"modified":"2026-03-13T08:41:32","modified_gmt":"2026-03-13T07:41:32","slug":"tachi-waza","status":"publish","type":"page","link":"https:\/\/dessign.fr\/JUDO\/nage-waza\/tachi-waza\/","title":{"rendered":"Tachi-waza"},"content":{"rendered":"\n<p><strong>Techniques debout<\/strong><\/p>\n\n\n\n<div class=\"wp-block-columns is-layout-flex wp-container-core-columns-is-layout-9d6595d7 wp-block-columns-is-layout-flex\">\n<div class=\"wp-block-column is-layout-flow wp-block-column-is-layout-flow\">\n<div class=\"PAGEcat\">\n<a href=\"https:\/\/dessign.fr\/JUDO\/nage-waza\">\n\n\n\n<h2 class=\"wp-block-heading\">Nage-waza<\/h2>\n\n\n\n<figure class=\"wp-block-image size-full\"><a href=\"https:\/\/dessign.fr\/JUDO\/nage-waza\"><img loading=\"lazy\" decoding=\"async\" width=\"132\" height=\"160\" src=\"https:\/\/dessign.fr\/JUDO\/wp-content\/uploads\/2016\/04\/hohonp3.jpg\" alt=\"\" class=\"wp-image-1294\" srcset=\"https:\/\/dessign.fr\/JUDO\/wp-content\/uploads\/2016\/04\/hohonp3.jpg 132w, https:\/\/dessign.fr\/JUDO\/wp-content\/uploads\/2016\/04\/hohonp3-96x116.jpg 96w\" sizes=\"auto, (max-width: 132px) 100vw, 132px\" \/><\/a><\/figure>\n\n\n\n<\/a><\/div>\n<\/div>\n\n\n\n<div class=\"wp-block-column is-layout-flow wp-block-column-is-layout-flow\">\n<div class=\"PAGEcat\">\n<a href=\"https:\/\/dessign.fr\/JUDO\/category\/nage-waza\/kansetsu-waza\/\">\n\n\n\n<h2 class=\"wp-block-heading\">Kansetsu et shime waza<\/h2>\n\n\n\n<figure class=\"wp-block-image size-full\"><a href=\"https:\/\/dessign.fr\/JUDO\/category\/tachi-waza\/kansetsu-waza\/\"><img loading=\"lazy\" decoding=\"async\" width=\"250\" height=\"283\" src=\"https:\/\/dessign.fr\/JUDO\/wp-content\/uploads\/2016\/04\/kannuki-gatame.jpg\" alt=\"\" class=\"wp-image-1338\" srcset=\"https:\/\/dessign.fr\/JUDO\/wp-content\/uploads\/2016\/04\/kannuki-gatame.jpg 250w, https:\/\/dessign.fr\/JUDO\/wp-content\/uploads\/2016\/04\/kannuki-gatame-102x116.jpg 102w\" sizes=\"auto, (max-width: 250px) 100vw, 250px\" \/><\/a><\/figure>\n\n\n\n<\/a><\/div>\n<\/div>\n\n\n\n<div class=\"wp-block-column is-layout-flow wp-block-column-is-layout-flow\">\n<div class=\"KANJI\">\n\n\n\n<figure class=\"wp-block-image size-full\"><img loading=\"lazy\" decoding=\"async\" width=\"127\" height=\"392\" src=\"https:\/\/dessign.fr\/JUDO\/wp-content\/uploads\/2023\/05\/rubon3.jpg\" alt=\"\" class=\"wp-image-4323\" srcset=\"https:\/\/dessign.fr\/JUDO\/wp-content\/uploads\/2023\/05\/rubon3.jpg 127w, https:\/\/dessign.fr\/JUDO\/wp-content\/uploads\/2023\/05\/rubon3-97x300.jpg 97w\" sizes=\"auto, (max-width: 127px) 100vw, 127px\" \/><\/figure>\n\n\n\n<\/div>\n<\/div>\n<\/div>\n\n\n\n<p>Le <strong>tachi-waza<\/strong> (\u7acb\u3061\u6280) d\u00e9signe l\u2019ensemble des <strong>techniques debout<\/strong> en judo, par opposition au <strong>ne-waza<\/strong> (techniques au sol). Il regroupe toutes les formes de <strong>nage-waza<\/strong> (techniques de projection) ex\u00e9cut\u00e9es lorsque les deux judokas sont debout.<\/p>\n\n\n\n<p>Le tachi-waza a pour objectif de <strong>projeter l&rsquo;adversaire au sol<\/strong> en utilisant le d\u00e9s\u00e9quilibre, la technique et le timing. Il constitue une partie essentielle du judo, notamment en comp\u00e9tition, o\u00f9 une projection r\u00e9ussie peut marquer un <strong>ippon<\/strong> (victoire imm\u00e9diate).<\/p>\n\n\n\n<p>Le tachi-waza demande une bonne posture, un bon contr\u00f4le du <strong>kumikata<\/strong> (prise du judogi), et une excellente coordination pour r\u00e9ussir \u00e0 faire chuter l&rsquo;adversaire avec efficacit\u00e9 et s\u00e9curit\u00e9.<\/p>\n\n\n\n<script async src=\"https:\/\/pagead2.googlesyndication.com\/pagead\/js\/adsbygoogle.js?client=ca-pub-5395542268415979\" crossorigin=\"anonymous\"><\/script>\n","protected":false},"excerpt":{"rendered":"<p>JUDO \u67d4 \u9053 par dessign fr | Tachi-waza Technique debout<\/p>\n","protected":false},"author":2,"featured_media":0,"parent":2261,"menu_order":0,"comment_status":"closed","ping_status":"closed","template":"","meta":{"_exactmetrics_skip_tracking":false,"_exactmetrics_sitenote_active":false,"_exactmetrics_sitenote_note":"","_exactmetrics_sitenote_category":0,"_uf_show_specific_survey":0,"_uf_disable_surveys":false,"footnotes":""},"class_list":["post-2230","page","type-page","status-publish","hentry"],"yoast_head":"<!-- This site is optimized with the Yoast SEO plugin v27.1.1 - https:\/\/yoast.com\/product\/yoast-seo-wordpress\/ -->\n<title>Tachi-waza - JUDO \u67d4 \u9053 par dessign<\/title>\n<meta name=\"robots\" content=\"index, follow, max-snippet:-1, max-image-preview:large, max-video-preview:-1\" \/>\n<link rel=\"canonical\" href=\"https:\/\/dessign.fr\/JUDO\/nage-waza\/tachi-waza\/\" \/>\n<meta property=\"og:locale\" content=\"fr_FR\" \/>\n<meta property=\"og:type\" content=\"article\" \/>\n<meta property=\"og:title\" content=\"Tachi-waza - JUDO \u67d4 \u9053 par dessign\" \/>\n<meta property=\"og:description\" content=\"JUDO \u67d4 \u9053 par dessign fr | Tachi-waza Technique debout\" \/>\n<meta property=\"og:url\" content=\"https:\/\/dessign.fr\/JUDO\/nage-waza\/tachi-waza\/\" \/>\n<meta property=\"og:site_name\" content=\"JUDO \u67d4 \u9053 par dessign\" \/>\n<meta property=\"article:publisher\" content=\"https:\/\/www.facebook.com\/groups\/123664574320024\" \/>\n<meta property=\"article:modified_time\" content=\"2026-03-13T07:41:32+00:00\" \/>\n<meta property=\"og:image\" content=\"https:\/\/dessign.fr\/JUDO\/wp-content\/uploads\/2016\/04\/hohonp3.jpg\" \/>\n\t<meta property=\"og:image:width\" content=\"132\" \/>\n\t<meta property=\"og:image:height\" content=\"160\" \/>\n\t<meta property=\"og:image:type\" content=\"image\/jpeg\" \/>\n<meta name=\"twitter:card\" content=\"summary_large_image\" \/>\n<meta name=\"twitter:label1\" content=\"Dur\u00e9e de lecture estim\u00e9e\" \/>\n\t<meta name=\"twitter:data1\" content=\"2 minutes\" \/>\n<script type=\"application\/ld+json\" class=\"yoast-schema-graph\">{\"@context\":\"https:\/\/schema.org\",\"@graph\":[{\"@type\":\"WebPage\",\"@id\":\"https:\/\/dessign.fr\/JUDO\/nage-waza\/tachi-waza\/\",\"url\":\"https:\/\/dessign.fr\/JUDO\/nage-waza\/tachi-waza\/\",\"name\":\"Tachi-waza - JUDO \u67d4 \u9053 par dessign\",\"isPartOf\":{\"@id\":\"https:\/\/dessign.fr\/JUDO\/#website\"},\"primaryImageOfPage\":{\"@id\":\"https:\/\/dessign.fr\/JUDO\/nage-waza\/tachi-waza\/#primaryimage\"},\"image\":{\"@id\":\"https:\/\/dessign.fr\/JUDO\/nage-waza\/tachi-waza\/#primaryimage\"},\"thumbnailUrl\":\"https:\/\/dessign.fr\/JUDO\/wp-content\/uploads\/2016\/04\/hohonp3.jpg\",\"datePublished\":\"2023-04-27T07:34:35+00:00\",\"dateModified\":\"2026-03-13T07:41:32+00:00\",\"breadcrumb\":{\"@id\":\"https:\/\/dessign.fr\/JUDO\/nage-waza\/tachi-waza\/#breadcrumb\"},\"inLanguage\":\"fr-FR\",\"potentialAction\":[{\"@type\":\"ReadAction\",\"target\":[\"https:\/\/dessign.fr\/JUDO\/nage-waza\/tachi-waza\/\"]}]},{\"@type\":\"ImageObject\",\"inLanguage\":\"fr-FR\",\"@id\":\"https:\/\/dessign.fr\/JUDO\/nage-waza\/tachi-waza\/#primaryimage\",\"url\":\"https:\/\/dessign.fr\/JUDO\/wp-content\/uploads\/2016\/04\/hohonp3.jpg\",\"contentUrl\":\"https:\/\/dessign.fr\/JUDO\/wp-content\/uploads\/2016\/04\/hohonp3.jpg\",\"width\":132,\"height\":160,\"caption\":\"JUDO \u67d4 \u9053 par dessign fr | ho-hon - direction d\u00e9s\u00e9quilibre p3\"},{\"@type\":\"BreadcrumbList\",\"@id\":\"https:\/\/dessign.fr\/JUDO\/nage-waza\/tachi-waza\/#breadcrumb\",\"itemListElement\":[{\"@type\":\"ListItem\",\"position\":1,\"name\":\"Accueil\",\"item\":\"https:\/\/dessign.fr\/JUDO\/\"},{\"@type\":\"ListItem\",\"position\":2,\"name\":\"Nage-waza\",\"item\":\"https:\/\/dessign.fr\/JUDO\/nage-waza\/\"},{\"@type\":\"ListItem\",\"position\":3,\"name\":\"Tachi-waza\"}]},{\"@type\":\"WebSite\",\"@id\":\"https:\/\/dessign.fr\/JUDO\/#website\",\"url\":\"https:\/\/dessign.fr\/JUDO\/\",\"name\":\"JUDO \u67d4 \u9053 par dessign\",\"description\":\"le site des techniques de Judo en croquis anim\u00e9s - Judoenlignes\",\"publisher\":{\"@id\":\"https:\/\/dessign.fr\/JUDO\/#organization\"},\"potentialAction\":[{\"@type\":\"SearchAction\",\"target\":{\"@type\":\"EntryPoint\",\"urlTemplate\":\"https:\/\/dessign.fr\/JUDO\/?s={search_term_string}\"},\"query-input\":{\"@type\":\"PropertyValueSpecification\",\"valueRequired\":true,\"valueName\":\"search_term_string\"}}],\"inLanguage\":\"fr-FR\"},{\"@type\":\"Organization\",\"@id\":\"https:\/\/dessign.fr\/JUDO\/#organization\",\"name\":\"JUDO \u67d4 \u9053 par dessign\",\"url\":\"https:\/\/dessign.fr\/JUDO\/\",\"logo\":{\"@type\":\"ImageObject\",\"inLanguage\":\"fr-FR\",\"@id\":\"https:\/\/dessign.fr\/JUDO\/#\/schema\/logo\/image\/\",\"url\":\"https:\/\/dessign.fr\/JUDO\/wp-content\/uploads\/2014\/11\/gyaku-juji-gatame.jpg\",\"contentUrl\":\"https:\/\/dessign.fr\/JUDO\/wp-content\/uploads\/2014\/11\/gyaku-juji-gatame.jpg\",\"width\":267,\"height\":234,\"caption\":\"JUDO \u67d4 \u9053 par dessign\"},\"image\":{\"@id\":\"https:\/\/dessign.fr\/JUDO\/#\/schema\/logo\/image\/\"},\"sameAs\":[\"https:\/\/www.facebook.com\/groups\/123664574320024\",\"https:\/\/www.facebook.com\/kovalseb\"]}]}<\/script>\n<!-- \/ Yoast SEO plugin. -->","yoast_head_json":{"title":"Tachi-waza - JUDO \u67d4 \u9053 par dessign","robots":{"index":"index","follow":"follow","max-snippet":"max-snippet:-1","max-image-preview":"max-image-preview:large","max-video-preview":"max-video-preview:-1"},"canonical":"https:\/\/dessign.fr\/JUDO\/nage-waza\/tachi-waza\/","og_locale":"fr_FR","og_type":"article","og_title":"Tachi-waza - JUDO \u67d4 \u9053 par dessign","og_description":"JUDO \u67d4 \u9053 par dessign fr | Tachi-waza Technique debout","og_url":"https:\/\/dessign.fr\/JUDO\/nage-waza\/tachi-waza\/","og_site_name":"JUDO \u67d4 \u9053 par dessign","article_publisher":"https:\/\/www.facebook.com\/groups\/123664574320024","article_modified_time":"2026-03-13T07:41:32+00:00","og_image":[{"width":132,"height":160,"url":"https:\/\/dessign.fr\/JUDO\/wp-content\/uploads\/2016\/04\/hohonp3.jpg","type":"image\/jpeg"}],"twitter_card":"summary_large_image","twitter_misc":{"Dur\u00e9e de lecture estim\u00e9e":"2 minutes"},"schema":{"@context":"https:\/\/schema.org","@graph":[{"@type":"WebPage","@id":"https:\/\/dessign.fr\/JUDO\/nage-waza\/tachi-waza\/","url":"https:\/\/dessign.fr\/JUDO\/nage-waza\/tachi-waza\/","name":"Tachi-waza - JUDO \u67d4 \u9053 par dessign","isPartOf":{"@id":"https:\/\/dessign.fr\/JUDO\/#website"},"primaryImageOfPage":{"@id":"https:\/\/dessign.fr\/JUDO\/nage-waza\/tachi-waza\/#primaryimage"},"image":{"@id":"https:\/\/dessign.fr\/JUDO\/nage-waza\/tachi-waza\/#primaryimage"},"thumbnailUrl":"https:\/\/dessign.fr\/JUDO\/wp-content\/uploads\/2016\/04\/hohonp3.jpg","datePublished":"2023-04-27T07:34:35+00:00","dateModified":"2026-03-13T07:41:32+00:00","breadcrumb":{"@id":"https:\/\/dessign.fr\/JUDO\/nage-waza\/tachi-waza\/#breadcrumb"},"inLanguage":"fr-FR","potentialAction":[{"@type":"ReadAction","target":["https:\/\/dessign.fr\/JUDO\/nage-waza\/tachi-waza\/"]}]},{"@type":"ImageObject","inLanguage":"fr-FR","@id":"https:\/\/dessign.fr\/JUDO\/nage-waza\/tachi-waza\/#primaryimage","url":"https:\/\/dessign.fr\/JUDO\/wp-content\/uploads\/2016\/04\/hohonp3.jpg","contentUrl":"https:\/\/dessign.fr\/JUDO\/wp-content\/uploads\/2016\/04\/hohonp3.jpg","width":132,"height":160,"caption":"JUDO \u67d4 \u9053 par dessign fr | ho-hon - direction d\u00e9s\u00e9quilibre p3"},{"@type":"BreadcrumbList","@id":"https:\/\/dessign.fr\/JUDO\/nage-waza\/tachi-waza\/#breadcrumb","itemListElement":[{"@type":"ListItem","position":1,"name":"Accueil","item":"https:\/\/dessign.fr\/JUDO\/"},{"@type":"ListItem","position":2,"name":"Nage-waza","item":"https:\/\/dessign.fr\/JUDO\/nage-waza\/"},{"@type":"ListItem","position":3,"name":"Tachi-waza"}]},{"@type":"WebSite","@id":"https:\/\/dessign.fr\/JUDO\/#website","url":"https:\/\/dessign.fr\/JUDO\/","name":"JUDO \u67d4 \u9053 par dessign","description":"le site des techniques de Judo en croquis anim\u00e9s - Judoenlignes","publisher":{"@id":"https:\/\/dessign.fr\/JUDO\/#organization"},"potentialAction":[{"@type":"SearchAction","target":{"@type":"EntryPoint","urlTemplate":"https:\/\/dessign.fr\/JUDO\/?s={search_term_string}"},"query-input":{"@type":"PropertyValueSpecification","valueRequired":true,"valueName":"search_term_string"}}],"inLanguage":"fr-FR"},{"@type":"Organization","@id":"https:\/\/dessign.fr\/JUDO\/#organization","name":"JUDO \u67d4 \u9053 par dessign","url":"https:\/\/dessign.fr\/JUDO\/","logo":{"@type":"ImageObject","inLanguage":"fr-FR","@id":"https:\/\/dessign.fr\/JUDO\/#\/schema\/logo\/image\/","url":"https:\/\/dessign.fr\/JUDO\/wp-content\/uploads\/2014\/11\/gyaku-juji-gatame.jpg","contentUrl":"https:\/\/dessign.fr\/JUDO\/wp-content\/uploads\/2014\/11\/gyaku-juji-gatame.jpg","width":267,"height":234,"caption":"JUDO \u67d4 \u9053 par dessign"},"image":{"@id":"https:\/\/dessign.fr\/JUDO\/#\/schema\/logo\/image\/"},"sameAs":["https:\/\/www.facebook.com\/groups\/123664574320024","https:\/\/www.facebook.com\/kovalseb"]}]}},"_links":{"self":[{"href":"https:\/\/dessign.fr\/JUDO\/wp-json\/wp\/v2\/pages\/2230","targetHints":{"allow":["GET"]}}],"collection":[{"href":"https:\/\/dessign.fr\/JUDO\/wp-json\/wp\/v2\/pages"}],"about":[{"href":"https:\/\/dessign.fr\/JUDO\/wp-json\/wp\/v2\/types\/page"}],"author":[{"embeddable":true,"href":"https:\/\/dessign.fr\/JUDO\/wp-json\/wp\/v2\/users\/2"}],"replies":[{"embeddable":true,"href":"https:\/\/dessign.fr\/JUDO\/wp-json\/wp\/v2\/comments?post=2230"}],"version-history":[{"count":41,"href":"https:\/\/dessign.fr\/JUDO\/wp-json\/wp\/v2\/pages\/2230\/revisions"}],"predecessor-version":[{"id":4941,"href":"https:\/\/dessign.fr\/JUDO\/wp-json\/wp\/v2\/pages\/2230\/revisions\/4941"}],"up":[{"embeddable":true,"href":"https:\/\/dessign.fr\/JUDO\/wp-json\/wp\/v2\/pages\/2261"}],"wp:attachment":[{"href":"https:\/\/dessign.fr\/JUDO\/wp-json\/wp\/v2\/media?parent=2230"}],"curies":[{"name":"wp","href":"https:\/\/api.w.org\/{rel}","templated":true}]}}